{"id":10,"date":"2018-09-20T08:15:43","date_gmt":"2018-09-20T08:15:43","guid":{"rendered":"http:\/\/www2.profeedshop.se\/?page_id=10"},"modified":"2018-09-21T15:54:04","modified_gmt":"2018-09-21T13:54:04","slug":"home","status":"publish","type":"page","link":"http:\/\/www.profeedshop.se\/","title":{"rendered":"V\u00e4lkommen!"},"content":{"rendered":"<p>S\u00f6ker du naturliga och nyttiga produkter som\u2028 kan \u00f6ka dina husdjurs v\u00e4lbefinnande?\u00a0D\u00e5 har du kommit r\u00e4tt!<br \/>\nV\u00e5ra Danska kunder vill \u2028vi nu h\u00e4nvisa till <a href=\"https:\/\/www.kastanjegaard.dk\">Kastanjegaard<\/a>\u00a0\u2028f\u00f6r att f\u00e5 b\u00e4sta service.<\/p>\n","protected":false},"excerpt":{"rendered":"<p>S\u00f6ker du naturliga och nyttiga produkter som\u2028 kan \u00f6ka dina husdjurs v\u00e4lbefinnande?\u00a0D\u00e5 har du kommit r\u00e4tt! V\u00e5ra Danska kunder vill \u2028vi nu h\u00e4nvisa till Kastanjegaard\u00a0\u2028f\u00f6r att f\u00e5 b\u00e4sta service.<\/p>\n","protected":false},"author":1,"featured_media":0,"parent":0,"menu_order":0,"comment_status":"closed","ping_status":"closed","template":"","meta":{"footnotes":""},"class_list":["post-10","page","type-page","status-publish","hentry"],"_links":{"self":[{"href":"http:\/\/www.profeedshop.se\/index.php?rest_route=\/wp\/v2\/pages\/10","targetHints":{"allow":["GET"]}}],"collection":[{"href":"http:\/\/www.profeedshop.se\/index.php?rest_route=\/wp\/v2\/pages"}],"about":[{"href":"http:\/\/www.profeedshop.se\/index.php?rest_route=\/wp\/v2\/types\/page"}],"author":[{"embeddable":true,"href":"http:\/\/www.profeedshop.se\/index.php?rest_route=\/wp\/v2\/users\/1"}],"replies":[{"embeddable":true,"href":"http:\/\/www.profeedshop.se\/index.php?rest_route=%2Fwp%2Fv2%2Fcomments&post=10"}],"version-history":[{"count":4,"href":"http:\/\/www.profeedshop.se\/index.php?rest_route=\/wp\/v2\/pages\/10\/revisions"}],"predecessor-version":[{"id":49,"href":"http:\/\/www.profeedshop.se\/index.php?rest_route=\/wp\/v2\/pages\/10\/revisions\/49"}],"wp:attachment":[{"href":"http:\/\/www.profeedshop.se\/index.php?rest_route=%2Fwp%2Fv2%2Fmedia&parent=10"}],"curies":[{"name":"wp","href":"https:\/\/api.w.org\/{rel}","templated":true}]}}