{"id":11,"date":"2018-09-20T08:15:43","date_gmt":"2018-09-20T08:15:43","guid":{"rendered":"http:\/\/www2.profeedshop.se\/?page_id=11"},"modified":"2018-09-21T16:00:06","modified_gmt":"2018-09-21T14:00:06","slug":"about","status":"publish","type":"page","link":"http:\/\/www.profeedshop.se\/?page_id=11","title":{"rendered":"Om oss"},"content":{"rendered":"<p>PROFEEDshops produkter ger din h\u00e4st eller hund det de beh\u00f6ver f\u00f6r en naturligt h\u00e4lsosam mikroflora i mage och tarm och hj\u00e4lp till snabb \u00e5terh\u00e4mtning efter anstr\u00e4ngning.<\/p>\n<p>F\u00f6r de flesta djur\u00e4gare \u00e4r djurets v\u00e4lbefinnande och h\u00e4lsa h\u00f6gt prioriterat. F\u00f6rhoppningsvis uppst\u00e5r aldrig n\u00e5gra allvarliga sjukdomar, men vardagens sm\u00e5 orosmoment kan vara nog s\u00e5 besv\u00e4rliga. Kanske stundar en st\u00f6rre t\u00e4vling som inneb\u00e4r mycket stress och intensiv tr\u00e4ning. Eller s\u00e5 brottas man med att djuret har st\u00e4ndigt \u00e5terkommande problem med magen och matsm\u00e4ltningen.<\/p>\n<p>De produkter som g\u00e5r att finna p\u00e5 PROFEEDshop.se \u00e4r alla framtagna f\u00f6r att kunna underl\u00e4tta vardagens bekymmer. De har genomg\u00e5tt ett flertal forskningsstudier d\u00e4r resultaten har visat p\u00e5 en positiv effekt vid anv\u00e4ndandet. Produkterna rekommenderas varmt av s\u00e5v\u00e4l veterin\u00e4rer som h\u00e4st- och hund\u00e4gare.<\/p>\n<p>Ni kan best\u00e4lla produkter direkt fr\u00e5n <a href=\"http:\/\/www2.profeedshop.se\/?page_id=12\">best\u00e4llningsformul\u00e4ret<\/a> h\u00e4r p\u00e5 sidan.<\/p>\n<p>Ni kan ocks\u00e5 k\u00f6pa Profeed Maxflow fr\u00e5n f\u00f6ljande \u00e5terf\u00f6rs\u00e4ljare:<\/p>\n<p><strong>RS Mustang \u00a0(Sverige)<\/strong><br \/>\nTelefon: 0171-41 41 80<br \/>\ninfo@rsmustang.se<br \/>\nLagerf\u00f6rs\u00e4ljning i Enk\u00f6ping,\u00a0H\u00e4rkeberga-Ekeby, Enk\u00f6ping<br \/>\n\u00d6ppet vardagar 8.00 &#8211; 17.00<\/p>\n<p><strong>Kastanjeg\u00e5rden (Danmark)<br \/>\n<\/strong><a href=\"https:\/\/www.kastanjegaard.dk\">www.kastanjegaard.dk<\/a><br \/>\nkontakt@kastanjegaard.dk,<br \/>\nTelefon: +45 6144 5351<\/p>\n<p>Profeedshop drivs av <a href=\"http:\/\/www.linkan.se\/index.php\/sv\/\">Linkan Feed Ingredients<\/a> som \u00e4r ett f\u00f6retag som specialiserar sig p\u00e5 h\u00e4lsosamma foderingredienser.<\/p>\n","protected":false},"excerpt":{"rendered":"<p>PROFEEDshops produkter ger din h\u00e4st eller hund det de beh\u00f6ver f\u00f6r en naturligt h\u00e4lsosam mikroflora i mage och tarm och hj\u00e4lp till snabb \u00e5terh\u00e4mtning efter anstr\u00e4ngning. F\u00f6r de flesta djur\u00e4gare \u00e4r djurets v\u00e4lbefinnande och h\u00e4lsa h\u00f6gt prioriterat. F\u00f6rhoppningsvis uppst\u00e5r aldrig n\u00e5gra allvarliga sjukdomar, men vardagens sm\u00e5 orosmoment kan vara nog s\u00e5 besv\u00e4rliga. Kanske stundar en &hellip; <\/p>\n<p class=\"link-more\"><a href=\"http:\/\/www.profeedshop.se\/?page_id=11\" class=\"more-link\">Forts\u00e4tt l\u00e4sa<span class=\"screen-reader-text\"> \u201dOm oss\u201d<\/span><\/a><\/p>\n","protected":false},"author":1,"featured_media":66,"parent":0,"menu_order":2,"comment_status":"closed","ping_status":"closed","template":"","meta":{"footnotes":""},"class_list":["post-11","page","type-page","status-publish","has-post-thumbnail","hentry"],"_links":{"self":[{"href":"http:\/\/www.profeedshop.se\/index.php?rest_route=\/wp\/v2\/pages\/11","targetHints":{"allow":["GET"]}}],"collection":[{"href":"http:\/\/www.profeedshop.se\/index.php?rest_route=\/wp\/v2\/pages"}],"about":[{"href":"http:\/\/www.profeedshop.se\/index.php?rest_route=\/wp\/v2\/types\/page"}],"author":[{"embeddable":true,"href":"http:\/\/www.profeedshop.se\/index.php?rest_route=\/wp\/v2\/users\/1"}],"replies":[{"embeddable":true,"href":"http:\/\/www.profeedshop.se\/index.php?rest_route=%2Fwp%2Fv2%2Fcomments&post=11"}],"version-history":[{"count":6,"href":"http:\/\/www.profeedshop.se\/index.php?rest_route=\/wp\/v2\/pages\/11\/revisions"}],"predecessor-version":[{"id":96,"href":"http:\/\/www.profeedshop.se\/index.php?rest_route=\/wp\/v2\/pages\/11\/revisions\/96"}],"wp:featuredmedia":[{"embeddable":true,"href":"http:\/\/www.profeedshop.se\/index.php?rest_route=\/wp\/v2\/media\/66"}],"wp:attachment":[{"href":"http:\/\/www.profeedshop.se\/index.php?rest_route=%2Fwp%2Fv2%2Fmedia&parent=11"}],"curies":[{"name":"wp","href":"https:\/\/api.w.org\/{rel}","templated":true}]}}