{"id":3,"date":"2018-05-25T12:29:02","date_gmt":"2018-05-25T12:29:02","guid":{"rendered":"http:\/\/www2.profeedshop.se\/?page_id=3"},"modified":"2018-09-21T15:46:34","modified_gmt":"2018-09-21T13:46:34","slug":"privacy-policy","status":"publish","type":"page","link":"http:\/\/www.profeedshop.se\/?page_id=3","title":{"rendered":"Policy kundinformation"},"content":{"rendered":"<p>Linkan Feed Ingredients \u00e4r en distribut\u00f6r av foderingredienser och driver Profeedshop.<\/p>\n<h4>Varf\u00f6r hanterar vi personuppgifter?<\/h4>\n<p>Linkan Feed Ingredients samlar endast vanliga personuppgifter f\u00f6r att kunna producera och leverera r\u00e4tt produkt till r\u00e4tt kund. F\u00f6retaget har inte f\u00f6r avsikt att dela med sig av personuppgifter till andra f\u00f6retag.<\/p>\n<h4>Hur l\u00e4nge spar Linkan Feed Ingredients personuppgifter?<\/h4>\n<p>Vanliga kunduppgifter registreras och sparas s\u00e5 l\u00e4nge bokf\u00f6ringslagen kr\u00e4ver det eller max ett \u00e5r efter aff\u00e4rsrelationen upph\u00f6rt f\u00f6r marknadsf\u00f6ringssyften.<\/p>\n","protected":false},"excerpt":{"rendered":"<p>Linkan Feed Ingredients \u00e4r en distribut\u00f6r av foderingredienser och driver Profeedshop. Varf\u00f6r hanterar vi personuppgifter? Linkan Feed Ingredients samlar endast vanliga personuppgifter f\u00f6r att kunna producera och leverera r\u00e4tt produkt till r\u00e4tt kund. F\u00f6retaget har inte f\u00f6r avsikt att dela med sig av personuppgifter till andra f\u00f6retag. Hur l\u00e4nge spar Linkan Feed Ingredients personuppgifter? Vanliga &hellip; <\/p>\n<p class=\"link-more\"><a href=\"http:\/\/www.profeedshop.se\/?page_id=3\" class=\"more-link\">Forts\u00e4tt l\u00e4sa<span class=\"screen-reader-text\"> \u201dPolicy kundinformation\u201d<\/span><\/a><\/p>\n","protected":false},"author":1,"featured_media":0,"parent":0,"menu_order":4,"comment_status":"closed","ping_status":"open","template":"","meta":{"footnotes":""},"class_list":["post-3","page","type-page","status-publish","hentry"],"_links":{"self":[{"href":"http:\/\/www.profeedshop.se\/index.php?rest_route=\/wp\/v2\/pages\/3","targetHints":{"allow":["GET"]}}],"collection":[{"href":"http:\/\/www.profeedshop.se\/index.php?rest_route=\/wp\/v2\/pages"}],"about":[{"href":"http:\/\/www.profeedshop.se\/index.php?rest_route=\/wp\/v2\/types\/page"}],"author":[{"embeddable":true,"href":"http:\/\/www.profeedshop.se\/index.php?rest_route=\/wp\/v2\/users\/1"}],"replies":[{"embeddable":true,"href":"http:\/\/www.profeedshop.se\/index.php?rest_route=%2Fwp%2Fv2%2Fcomments&post=3"}],"version-history":[{"count":2,"href":"http:\/\/www.profeedshop.se\/index.php?rest_route=\/wp\/v2\/pages\/3\/revisions"}],"predecessor-version":[{"id":58,"href":"http:\/\/www.profeedshop.se\/index.php?rest_route=\/wp\/v2\/pages\/3\/revisions\/58"}],"wp:attachment":[{"href":"http:\/\/www.profeedshop.se\/index.php?rest_route=%2Fwp%2Fv2%2Fmedia&parent=3"}],"curies":[{"name":"wp","href":"https:\/\/api.w.org\/{rel}","templated":true}]}}