{"id":31,"date":"2018-09-20T08:31:01","date_gmt":"2018-09-20T08:31:01","guid":{"rendered":"http:\/\/www2.profeedshop.se\/?page_id=31"},"modified":"2021-01-29T19:43:45","modified_gmt":"2021-01-29T18:43:45","slug":"om-vara-produkter","status":"publish","type":"page","link":"http:\/\/www.profeedshop.se\/?page_id=31","title":{"rendered":"V\u00e5ra produkter"},"content":{"rendered":"<p><strong>PROFEED\u00ae MAXFLOW<\/strong>\u00a0&#8211;\u00a0F\u00f6r h\u00e4sten<br \/>\nProfeed \u00e4r en dietfiber som stimulerar tillv\u00e4xten och aktiviteten hos de goda bakterier som naturligt finns i tarmfloran.<\/p>\n<p>Tarmfloran med alla dess miljarder bakterier av hundratals arter kan p\u00e5verka djurets h\u00e4lsa. Problem som bl. a kolik, diarr\u00e9, gaser och sura uppst\u00f6tningar kan bero p\u00e5 en felaktig balans i djurets mage och tarm. Riskerna f\u00f6r dessa problem kan minimeras genom att exempelvis tillf\u00f6ra Profeed. Likas\u00e5 kan Profeed vid olika stressrelaterade situationer f\u00f6r h\u00e4sten, som foderbyte, nya milj\u00f6er eller l\u00e4ngre transporter, inneb\u00e4ra en l\u00e4ttare anpassning och en snabbare \u00e5terh\u00e4mtning.<\/p>\n<p>Profeed\u00a0defineras som en prebiotika best\u00e5ende av kortkedjiga frukto-oligosackarider (scFOS &#8211; short chain fructo-oligosaccharides). Det \u00e4r en dietfiber som stimulerar tillv\u00e4xten och aktiviteten hos de goda bakterier som naturligt finns i tarmfloran. Profeed best\u00e5r enbart av naturliga ingredienser vilka utvinns direkt fr\u00e5n sockerbetan.<\/p>\n<p>PROFEED\u00ae MAXFLOW s\u00e4ljs i f\u00f6ljande f\u00f6rpackningar:<br \/>\n2 kg hink; 300 SEK ink. moms\/hink + frakt.<br \/>\n25 kg s\u00e4ck; 2 250 SEK ink. moms\/s\u00e4ck + frakt.<\/p>\n<p><strong>PROFEED\u00ae MAXFLOW<\/strong>\u00a0&#8211;\u00a0F\u00f6r hunden<br \/>\nF\u00f6r de flesta hund\u00e4gare \u00e4r hundens v\u00e4lbefinnande och h\u00e4lsa h\u00f6gt prioriterat. F\u00f6rhoppningsvis uppst\u00e5r aldrig n\u00e5gra allvarliga sjukdomar, men vardagens sm\u00e5 orosmoment kan vara nog s\u00e5 besv\u00e4rliga. Kanske stundar en st\u00f6rre t\u00e4vling som inneb\u00e4r mycket stress och intensiv tr\u00e4ning.\u00a0Eller s\u00e5 brottas man kanske med att hunden har st\u00e4ndigt \u00e5terkommande problem med magen.<\/p>\n<p>Profeed och vardagens sm\u00e5 bekymmer<br \/>\nProblem med magen som exempelvis diarr\u00e9, och gaser f\u00f6rekommer ofta hos v\u00e5ra hundar. Anledningarna kan vara m\u00e5nga men en gemensam n\u00e4mnare \u00e4r att mikrofloran i mage och tarm har hamnat i obalans. I en omfattande studie fick 20 st Pointers testa om Profeed kunde hj\u00e4lpa till att f\u00f6rebygga problem med matsm\u00e4ltningen. Resultatet visade att de nyttiga bakterier som naturligt finns i magen \u00f6kade i m\u00e4ngd, medan de o\u00f6nskade bakterierna minskade (Swanson, 2002 a). F\u00f6rutom att Profeed hj\u00e4lper till att skapa en v\u00e4lbalanserad mikroflora i din hunds mage bidrar den till att d\u00e4mpa den d\u00e5liga lukt som kan f\u00f6rekomma i samband med avf\u00f6ringen (Hussein, 2000)<\/p>\n<p>Ett problem som \u00f6verviktiga hundar kan drabbas av \u00e4r en alldeles f\u00f6r h\u00f6g insulinresistens. I en nyligen avslutad forskningsstudie testades ett antal kraftigt \u00f6verviktiga hundar av rasen Beagle (Jusette, 2005). Dessa fick Profeed tillsatt i sitt foder med avsikten att studera huruvida Profeed kunde minska insulinresistensen. Resultatet var mycket positivt. Dessutom minskade \u00e4ven blodfetterna (Tsukuhara, 2003 &amp; Diez, 1997).<\/p>\n<p>Vid studier utf\u00f6rda p\u00e5 antal hundar har man funnit att Profeed \u00e4ven har en positiv effekt p\u00e5 dess immunf\u00f6rsvar (Swanson, 2002 b). Denna positiva effekt \u00f6verf\u00f6rs \u00e4ven p\u00e5 avkommorna om tiken f\u00e5r Profeed under den sista delen av dr\u00e4ktigheten (Adogony, 2005).<\/p>\n<p><strong>Astaxantinrikt Algmj\u00f6l <\/strong>&#8211; f\u00f6r h\u00e4st och hund<strong><br \/>\n<\/strong>V\u00e5rt algmj\u00f6l\u00a0inneh\u00e5ller astaxantin vilket \u00e4r en karotenoid med mycket god antioxidativ effekt. Astaxantinet har en mycket h\u00f6gre antioxidativ effekt j\u00e4mf\u00f6rt med m\u00e5nga andra karotenoider (Miki, 1991). Antioxidanter \u00e4r till f\u00f6r att skydda kroppen mot fria radikaler vilka kan p\u00e5verka immunf\u00f6rsvaret negativt. Astaxantinet har visat sig ha en b\u00e4ttre effekt och en h\u00f6gre stimulans p\u00e5 immunsystemet \u00e4n betakaroten (Chew, 2004 &amp; Jyonouchi, 1991).<\/p>\n<p>I en studie gjord p\u00e5 travh\u00e4star i tr\u00e4ning och t\u00e4vling har det visat sig att astaxantin har en mycket positiv effekt g\u00e4llande h\u00e4starnas prestation och \u00e5terh\u00e4mtningsf\u00f6rm\u00e5ga. Det tydligaste resultatet \u00e5terfanns hos h\u00e4star som hade drabbats av &#8221;Tying up&#8221;, vilket \u00e4r en variant av korsf\u00f6rlamning\/muskelkramp. Man tror att detta problem beror p\u00e5 att musklerna drar ihop sig vilket i sin tur medf\u00f6r en f\u00f6rs\u00e4mrad cirkulation. Det finns idag inget botemedel utan det som rekommenderas \u00e4r vila och ett \u00f6kat intag av E-vitamin. Studien visade dock att efter att h\u00e4starna f\u00e5tt Astaxantinrikt Algmj\u00f6l i ca 2-3 veckor blev de symptomfria (Lignell, 2001).<\/p>\n<p>Astaxantinet bidrar till att f\u00f6rb\u00e4ttra fertiliteten hos djur. F\u00f6r uppf\u00f6dare inneb\u00e4r detta att Astaxantinrikt Algmj\u00f6l kan \u00f6ka m\u00f6jligheten till att stoet blir dr\u00e4ktigt eller att hingsten beh\u00e5ller en god spermakvalitet. Vidare bidrar antioxidanterna i\u00a0det Astaxantinrika Algmj\u00f6let\u00a0\u00e4ven till att skapa goda f\u00f6ruts\u00e4ttningar f\u00f6r ett l\u00e5ngt liv genom att hj\u00e4lpa till att motverka \u00e5ldringsprocessen i hj\u00e4rnan (Cotman, 2002).<\/p>\n<p>Ytterligare studier har visat att Astaxantinrikt Algmj\u00f6l \u00e4ven har en positiv inverkan p\u00e5 h\u00e4star som har sv\u00e5rt att beh\u00e5lla hullet. Astaxantinet hj\u00e4lper till att skapa en god tarmmilj\u00f6 vilket underl\u00e4ttar f\u00f6r h\u00e4sten att ta upp n\u00e4ring.\u00a0Astaxantinrikt Algmj\u00f6l\u00a0har \u00e4ven en mycket positiv effekt p\u00e5 h\u00e4star som \u00e4r k\u00e4nsliga f\u00f6r sol. Problem med soleksem och liknande reduceras kraftigt (Lyons &amp; O\u00b4Brien, 2002).<\/p>\n<p>I en studie gjord p\u00e5 hundar i tr\u00e4ning och t\u00e4vling har det visat sig att astaxantin har en mycket positiv effekt g\u00e4llande hundarnas prestation och \u00e5terh\u00e4mtningsf\u00f6rm\u00e5ga (Baskin, 2000). I studien ingick 62 st draghundar (vanligen Alaskan Malamute) vilka delades in i tre grupper; ej i tr\u00e4ning, i tr\u00e4ning med tillskott av astaxantin, ej i tr\u00e4ning men med tillskott av astaxantin. Resultatet var tydligt. Det fanns en positiv effekt att finna i b\u00e5da de grupper som f\u00e5tt astaxantin, men framf\u00f6rallt hos den grupp som samtidigt l\u00e5g i tr\u00e4ning. Hos dessa hundar f\u00f6rb\u00e4ttrades \u00e5terh\u00e4mtningsf\u00f6rm\u00e5gan avsev\u00e4rt.<\/p>\n<p>Astaxantinet bidrar till att f\u00f6rb\u00e4ttra fertiliteten hos djur. F\u00f6r uppf\u00f6dare inneb\u00e4r detta att Astaxnatinrikt Algmj\u00f6l kan \u00f6ka m\u00f6jligheten till att tiken blir dr\u00e4ktigt eller att hanen beh\u00e5ller en god spermakvalitet. Vidare bidrar antioxidanterna i Astaxantinrikt Algmj\u00f6l \u00e4ven till att skapa goda f\u00f6ruts\u00e4ttningar f\u00f6r ett l\u00e5ngt liv genom att hj\u00e4lpa till att motverka \u00e5ldringsprocessen i hj\u00e4rnan (Cotman, 2002).<\/p>\n<p><strong>Om ni \u00e4r intresserade av Astaxantinrikt Algmj\u00f6l, fyll i kontaktformul\u00e4ret s\u00e5 s\u00e4nder vi mer information och aktuellt pris.<\/strong><\/p>\n<p>Referenser:<br \/>\n&#8211; Adogony, V m fl (2005), Effects of dietary scFOS on systematic and mucosal immunity of bitches and its transfer to newborn puppies, 9th ESCVN congress Grugliasco (TO), Italien.<br \/>\n&#8211; Diez, M m fl (1997), A nutritional approch to control hyperlipidaewia in dogs, American Journal of Veterinary Research \u00a0 (AJVR), Vol. 58, p. 1238-1242<br \/>\n&#8211; Jusette, I m fl (2005), Influence of obesity on plasma lipid and lipoprotein concentrations in dogs, American Journal of Veterinary Research (AJVR), Vol. 66, No. 1, p. 81-86.<br \/>\n&#8211; Swanson, K m fl (2202 a), Fructooligosaccharides and Lactobacillus acidophilus Modify Gut Microbial Populations, Total Tract Nutrient Digestibilities and Fecal Protein Catabolite Concentrations in Healthy Adult Dogs, Journal of Nutrition, Vol. 132, No. 12, p. 3721-3731<br \/>\n&#8211;\u00a0Swanson, K m fl (2002 b), Supplemental Fructooligosaccharides and Mannanoligosaccharides Influence Immune Function, Ileal and Total Tract Nutrient Digestibilities, Microbial Populations and Concentrations of Protein Catabolites in the Large Bowel of Dogs, Journal of Nutrition, Vol. 132, No. 5, p. 980-989<br \/>\n&#8211; Baskin, C.R et al (2000) , Effects of dietary antioxidant supplementation on oxidative damage and resistance to oxidative damage during prolonged exercise in sled dogs. Amer. J. Vet. Res. Vol (61), p. 886-891<br \/>\n&#8211; Chew, B.P &amp; Park, J.S (2004) , Carotenoid Action on the Immune response. J. Nutr Vol. 134, No. 1, p. 257S-261S<br \/>\n&#8211; Cotman, C:W et al (2002) , Brain aging in the canine: a diet enriched in antioxidants reduces cognitive dysfunction, Nuerobiology of Aging, Vol. 23, No. 5, p. 809-818<br \/>\n&#8211; Jyonouchi H., Hill R. J., Tomita Y., and Good R. A. (1991), Studies of immunomodulating actions of carotenoids. I. Effects of \u00df-carotene and astaxanthin on murine lymphocyte functions and cell surface marker expression in in vitro culture system. Nutr. Cancer, Vol. 16, No.2, p.93-105.<br \/>\n&#8211; Miki, W (Miki, W (1991) , Biological functions and activities of animal carotenoids. Pure and Applies Chem. Vol. 63, No.1, p. 1441-146.<\/p>\n","protected":false},"excerpt":{"rendered":"<p>PROFEED\u00ae MAXFLOW\u00a0&#8211;\u00a0F\u00f6r h\u00e4sten Profeed \u00e4r en dietfiber som stimulerar tillv\u00e4xten och aktiviteten hos de goda bakterier som naturligt finns i tarmfloran. Tarmfloran med alla dess miljarder bakterier av hundratals arter kan p\u00e5verka djurets h\u00e4lsa. Problem som bl. a kolik, diarr\u00e9, gaser och sura uppst\u00f6tningar kan bero p\u00e5 en felaktig balans i djurets mage och tarm. &hellip; <\/p>\n<p class=\"link-more\"><a href=\"http:\/\/www.profeedshop.se\/?page_id=31\" class=\"more-link\">Forts\u00e4tt l\u00e4sa<span class=\"screen-reader-text\"> \u201dV\u00e5ra produkter\u201d<\/span><\/a><\/p>\n","protected":false},"author":1,"featured_media":67,"parent":0,"menu_order":3,"comment_status":"closed","ping_status":"closed","template":"","meta":{"footnotes":""},"class_list":["post-31","page","type-page","status-publish","has-post-thumbnail","hentry"],"_links":{"self":[{"href":"http:\/\/www.profeedshop.se\/index.php?rest_route=\/wp\/v2\/pages\/31","targetHints":{"allow":["GET"]}}],"collection":[{"href":"http:\/\/www.profeedshop.se\/index.php?rest_route=\/wp\/v2\/pages"}],"about":[{"href":"http:\/\/www.profeedshop.se\/index.php?rest_route=\/wp\/v2\/types\/page"}],"author":[{"embeddable":true,"href":"http:\/\/www.profeedshop.se\/index.php?rest_route=\/wp\/v2\/users\/1"}],"replies":[{"embeddable":true,"href":"http:\/\/www.profeedshop.se\/index.php?rest_route=%2Fwp%2Fv2%2Fcomments&post=31"}],"version-history":[{"count":6,"href":"http:\/\/www.profeedshop.se\/index.php?rest_route=\/wp\/v2\/pages\/31\/revisions"}],"predecessor-version":[{"id":119,"href":"http:\/\/www.profeedshop.se\/index.php?rest_route=\/wp\/v2\/pages\/31\/revisions\/119"}],"wp:featuredmedia":[{"embeddable":true,"href":"http:\/\/www.profeedshop.se\/index.php?rest_route=\/wp\/v2\/media\/67"}],"wp:attachment":[{"href":"http:\/\/www.profeedshop.se\/index.php?rest_route=%2Fwp%2Fv2%2Fmedia&parent=31"}],"curies":[{"name":"wp","href":"https:\/\/api.w.org\/{rel}","templated":true}]}}